{"id":869,"date":"2020-07-28T17:24:29","date_gmt":"2020-07-28T15:24:29","guid":{"rendered":"https:\/\/www.afterdata.com\/?page_id=869"},"modified":"2021-02-18T18:01:40","modified_gmt":"2021-02-18T17:01:40","slug":"churn-resiliation","status":"publish","type":"page","link":"https:\/\/www.afterdata.com\/en\/churn-resiliation\/","title":{"rendered":"Churn (R\u00e9siliation)"},"content":{"rendered":"<p>Pour limiter le d\u00e9part \u00e0 la concurrence gr\u00e2ce au Scoring Pr\u00e9dictif et \u00e0 la mise en place d\u2019actions cibl\u00e9es.<\/p>\n","protected":false},"excerpt":{"rendered":"<p>Pour limiter le d\u00e9part \u00e0 la concurrence gr\u00e2ce au Scoring Pr\u00e9dictif et \u00e0 la mise en place d\u2019actions cibl\u00e9es.<\/p>\n","protected":false},"author":1,"featured_media":22,"parent":0,"menu_order":0,"comment_status":"closed","ping_status":"closed","template":"template-page\/page-solutions.php","meta":{"footnotes":""},"class_list":["post-869","page","type-page","status-publish","has-post-thumbnail","hentry"],"acf":[],"yoast_head":"<!-- This site is optimized with the Yoast SEO plugin v24.6 - https:\/\/yoast.com\/wordpress\/plugins\/seo\/ -->\n<title>Churn (R\u00e9siliation) - AfterData<\/title>\n<meta name=\"robots\" content=\"index, follow, max-snippet:-1, max-image-preview:large, max-video-preview:-1\" \/>\n<link rel=\"canonical\" href=\"https:\/\/www.afterdata.com\/en\/churn-resiliation\/\" \/>\n<meta property=\"og:locale\" content=\"en_US\" \/>\n<meta property=\"og:type\" content=\"article\" \/>\n<meta property=\"og:title\" content=\"Churn (R\u00e9siliation) - AfterData\" \/>\n<meta property=\"og:description\" content=\"Pour limiter le d\u00e9part \u00e0 la concurrence gr\u00e2ce au Scoring Pr\u00e9dictif et \u00e0 la mise en place d\u2019actions cibl\u00e9es.\" \/>\n<meta property=\"og:url\" content=\"https:\/\/www.afterdata.com\/en\/churn-resiliation\/\" \/>\n<meta property=\"og:site_name\" content=\"AfterData\" \/>\n<meta property=\"article:modified_time\" content=\"2021-02-18T17:01:40+00:00\" \/>\n<meta property=\"og:image\" content=\"https:\/\/www.afterdata.com\/wp-content\/uploads\/2020\/07\/background-banner.jpg\" \/>\n\t<meta property=\"og:image:width\" content=\"2560\" \/>\n\t<meta property=\"og:image:height\" content=\"1595\" \/>\n\t<meta property=\"og:image:type\" content=\"image\/jpeg\" \/>\n<meta name=\"twitter:card\" content=\"summary_large_image\" \/>\n<script type=\"application\/ld+json\" class=\"yoast-schema-graph\">{\"@context\":\"https:\/\/schema.org\",\"@graph\":[{\"@type\":\"WebPage\",\"@id\":\"https:\/\/www.afterdata.com\/en\/churn-resiliation\/\",\"url\":\"https:\/\/www.afterdata.com\/en\/churn-resiliation\/\",\"name\":\"Churn (R\u00e9siliation) - AfterData\",\"isPartOf\":{\"@id\":\"https:\/\/www.afterdata.com\/en\/#website\"},\"primaryImageOfPage\":{\"@id\":\"https:\/\/www.afterdata.com\/en\/churn-resiliation\/#primaryimage\"},\"image\":{\"@id\":\"https:\/\/www.afterdata.com\/en\/churn-resiliation\/#primaryimage\"},\"thumbnailUrl\":\"https:\/\/www.afterdata.com\/wp-content\/uploads\/2020\/07\/background-banner.jpg\",\"datePublished\":\"2020-07-28T15:24:29+00:00\",\"dateModified\":\"2021-02-18T17:01:40+00:00\",\"breadcrumb\":{\"@id\":\"https:\/\/www.afterdata.com\/en\/churn-resiliation\/#breadcrumb\"},\"inLanguage\":\"en-US\",\"potentialAction\":[{\"@type\":\"ReadAction\",\"target\":[\"https:\/\/www.afterdata.com\/en\/churn-resiliation\/\"]}]},{\"@type\":\"ImageObject\",\"inLanguage\":\"en-US\",\"@id\":\"https:\/\/www.afterdata.com\/en\/churn-resiliation\/#primaryimage\",\"url\":\"https:\/\/www.afterdata.com\/wp-content\/uploads\/2020\/07\/background-banner.jpg\",\"contentUrl\":\"https:\/\/www.afterdata.com\/wp-content\/uploads\/2020\/07\/background-banner.jpg\",\"width\":2560,\"height\":1595,\"caption\":\"Banner solutions marketing et compliance\"},{\"@type\":\"BreadcrumbList\",\"@id\":\"https:\/\/www.afterdata.com\/en\/churn-resiliation\/#breadcrumb\",\"itemListElement\":[{\"@type\":\"ListItem\",\"position\":1,\"name\":\"Accueil\",\"item\":\"https:\/\/www.afterdata.com\/en\/\"},{\"@type\":\"ListItem\",\"position\":2,\"name\":\"Churn (R\u00e9siliation)\"}]},{\"@type\":\"WebSite\",\"@id\":\"https:\/\/www.afterdata.com\/en\/#website\",\"url\":\"https:\/\/www.afterdata.com\/en\/\",\"name\":\"AfterData\",\"description\":\"\",\"potentialAction\":[{\"@type\":\"SearchAction\",\"target\":{\"@type\":\"EntryPoint\",\"urlTemplate\":\"https:\/\/www.afterdata.com\/en\/?s={search_term_string}\"},\"query-input\":{\"@type\":\"PropertyValueSpecification\",\"valueRequired\":true,\"valueName\":\"search_term_string\"}}],\"inLanguage\":\"en-US\"}]}<\/script>\n<!-- \/ Yoast SEO plugin. -->","yoast_head_json":{"title":"Churn (R\u00e9siliation) - AfterData","robots":{"index":"index","follow":"follow","max-snippet":"max-snippet:-1","max-image-preview":"max-image-preview:large","max-video-preview":"max-video-preview:-1"},"canonical":"https:\/\/www.afterdata.com\/en\/churn-resiliation\/","og_locale":"en_US","og_type":"article","og_title":"Churn (R\u00e9siliation) - AfterData","og_description":"Pour limiter le d\u00e9part \u00e0 la concurrence gr\u00e2ce au Scoring Pr\u00e9dictif et \u00e0 la mise en place d\u2019actions cibl\u00e9es.","og_url":"https:\/\/www.afterdata.com\/en\/churn-resiliation\/","og_site_name":"AfterData","article_modified_time":"2021-02-18T17:01:40+00:00","og_image":[{"width":2560,"height":1595,"url":"https:\/\/www.afterdata.com\/wp-content\/uploads\/2020\/07\/background-banner.jpg","type":"image\/jpeg"}],"twitter_card":"summary_large_image","schema":{"@context":"https:\/\/schema.org","@graph":[{"@type":"WebPage","@id":"https:\/\/www.afterdata.com\/en\/churn-resiliation\/","url":"https:\/\/www.afterdata.com\/en\/churn-resiliation\/","name":"Churn (R\u00e9siliation) - AfterData","isPartOf":{"@id":"https:\/\/www.afterdata.com\/en\/#website"},"primaryImageOfPage":{"@id":"https:\/\/www.afterdata.com\/en\/churn-resiliation\/#primaryimage"},"image":{"@id":"https:\/\/www.afterdata.com\/en\/churn-resiliation\/#primaryimage"},"thumbnailUrl":"https:\/\/www.afterdata.com\/wp-content\/uploads\/2020\/07\/background-banner.jpg","datePublished":"2020-07-28T15:24:29+00:00","dateModified":"2021-02-18T17:01:40+00:00","breadcrumb":{"@id":"https:\/\/www.afterdata.com\/en\/churn-resiliation\/#breadcrumb"},"inLanguage":"en-US","potentialAction":[{"@type":"ReadAction","target":["https:\/\/www.afterdata.com\/en\/churn-resiliation\/"]}]},{"@type":"ImageObject","inLanguage":"en-US","@id":"https:\/\/www.afterdata.com\/en\/churn-resiliation\/#primaryimage","url":"https:\/\/www.afterdata.com\/wp-content\/uploads\/2020\/07\/background-banner.jpg","contentUrl":"https:\/\/www.afterdata.com\/wp-content\/uploads\/2020\/07\/background-banner.jpg","width":2560,"height":1595,"caption":"Banner solutions marketing et compliance"},{"@type":"BreadcrumbList","@id":"https:\/\/www.afterdata.com\/en\/churn-resiliation\/#breadcrumb","itemListElement":[{"@type":"ListItem","position":1,"name":"Accueil","item":"https:\/\/www.afterdata.com\/en\/"},{"@type":"ListItem","position":2,"name":"Churn (R\u00e9siliation)"}]},{"@type":"WebSite","@id":"https:\/\/www.afterdata.com\/en\/#website","url":"https:\/\/www.afterdata.com\/en\/","name":"AfterData","description":"","potentialAction":[{"@type":"SearchAction","target":{"@type":"EntryPoint","urlTemplate":"https:\/\/www.afterdata.com\/en\/?s={search_term_string}"},"query-input":{"@type":"PropertyValueSpecification","valueRequired":true,"valueName":"search_term_string"}}],"inLanguage":"en-US"}]}},"_links":{"self":[{"href":"https:\/\/www.afterdata.com\/en\/wp-json\/wp\/v2\/pages\/869","targetHints":{"allow":["GET"]}}],"collection":[{"href":"https:\/\/www.afterdata.com\/en\/wp-json\/wp\/v2\/pages"}],"about":[{"href":"https:\/\/www.afterdata.com\/en\/wp-json\/wp\/v2\/types\/page"}],"author":[{"embeddable":true,"href":"https:\/\/www.afterdata.com\/en\/wp-json\/wp\/v2\/users\/1"}],"replies":[{"embeddable":true,"href":"https:\/\/www.afterdata.com\/en\/wp-json\/wp\/v2\/comments?post=869"}],"version-history":[{"count":1,"href":"https:\/\/www.afterdata.com\/en\/wp-json\/wp\/v2\/pages\/869\/revisions"}],"predecessor-version":[{"id":870,"href":"https:\/\/www.afterdata.com\/en\/wp-json\/wp\/v2\/pages\/869\/revisions\/870"}],"wp:featuredmedia":[{"embeddable":true,"href":"https:\/\/www.afterdata.com\/en\/wp-json\/wp\/v2\/media\/22"}],"wp:attachment":[{"href":"https:\/\/www.afterdata.com\/en\/wp-json\/wp\/v2\/media?parent=869"}],"curies":[{"name":"wp","href":"https:\/\/api.w.org\/{rel}","templated":true}]}}