{"id":2614,"date":"2021-12-09T18:44:42","date_gmt":"2021-12-09T17:44:42","guid":{"rendered":"https:\/\/www.afterdata.com\/acpr-controle-lcb-ft\/"},"modified":"2021-12-09T18:44:42","modified_gmt":"2021-12-09T17:44:42","slug":"acpr-controle-lcb-ft","status":"publish","type":"page","link":"https:\/\/www.afterdata.com\/en\/acpr-controle-lcb-ft\/","title":{"rendered":"ACPR : contr\u00f4le LCB-FT"},"content":{"rendered":"<p>Baptis\u00e9e &#8220;Lucia&#8221;, la nouvelle solution d\u00e9velopp\u00e9e par l&#8217;ACPR est bas\u00e9e sur une intelligence artificielle<\/p>\n","protected":false},"excerpt":{"rendered":"<p>Baptis\u00e9e &#8220;Lucia&#8221;, la nouvelle solution d\u00e9velopp\u00e9e par l&#8217;ACPR est bas\u00e9e sur une intelligence artificielle<\/p>\n","protected":false},"author":3,"featured_media":2078,"parent":0,"menu_order":0,"comment_status":"closed","ping_status":"closed","template":"","meta":{"footnotes":""},"class_list":["post-2614","page","type-page","status-publish","has-post-thumbnail","hentry"],"acf":[],"yoast_head":"<!-- This site is optimized with the Yoast SEO plugin v24.6 - https:\/\/yoast.com\/wordpress\/plugins\/seo\/ -->\n<title>ACPR : contr\u00f4le LCB-FT - AfterData<\/title>\n<meta name=\"robots\" content=\"index, follow, max-snippet:-1, max-image-preview:large, max-video-preview:-1\" \/>\n<link rel=\"canonical\" href=\"https:\/\/www.afterdata.com\/en\/acpr-controle-lcb-ft\/\" \/>\n<meta property=\"og:locale\" content=\"en_US\" \/>\n<meta property=\"og:type\" content=\"article\" \/>\n<meta property=\"og:title\" content=\"ACPR : contr\u00f4le LCB-FT - AfterData\" \/>\n<meta property=\"og:description\" content=\"Baptis\u00e9e &#8220;Lucia&#8221;, la nouvelle solution d\u00e9velopp\u00e9e par l&#8217;ACPR est bas\u00e9e sur une intelligence artificielle\" \/>\n<meta property=\"og:url\" content=\"https:\/\/www.afterdata.com\/en\/acpr-controle-lcb-ft\/\" \/>\n<meta property=\"og:site_name\" content=\"AfterData\" \/>\n<meta property=\"og:image\" content=\"https:\/\/www.afterdata.com\/wp-content\/uploads\/2021\/12\/computer-circuit-board-socket-in-the-form-of-the-h-2021-08-27-09-22-34-utc-scaled.jpg\" \/>\n\t<meta property=\"og:image:width\" content=\"2048\" \/>\n\t<meta property=\"og:image:height\" content=\"2560\" \/>\n\t<meta property=\"og:image:type\" content=\"image\/jpeg\" \/>\n<meta name=\"twitter:card\" content=\"summary_large_image\" \/>\n<script type=\"application\/ld+json\" class=\"yoast-schema-graph\">{\"@context\":\"https:\/\/schema.org\",\"@graph\":[{\"@type\":\"WebPage\",\"@id\":\"https:\/\/www.afterdata.com\/en\/acpr-controle-lcb-ft\/\",\"url\":\"https:\/\/www.afterdata.com\/en\/acpr-controle-lcb-ft\/\",\"name\":\"ACPR : contr\u00f4le LCB-FT - AfterData\",\"isPartOf\":{\"@id\":\"https:\/\/www.afterdata.com\/en\/#website\"},\"primaryImageOfPage\":{\"@id\":\"https:\/\/www.afterdata.com\/en\/acpr-controle-lcb-ft\/#primaryimage\"},\"image\":{\"@id\":\"https:\/\/www.afterdata.com\/en\/acpr-controle-lcb-ft\/#primaryimage\"},\"thumbnailUrl\":\"https:\/\/www.afterdata.com\/wp-content\/uploads\/2021\/12\/computer-circuit-board-socket-in-the-form-of-the-h-2021-08-27-09-22-34-utc-scaled.jpg\",\"datePublished\":\"2021-12-09T17:44:42+00:00\",\"breadcrumb\":{\"@id\":\"https:\/\/www.afterdata.com\/en\/acpr-controle-lcb-ft\/#breadcrumb\"},\"inLanguage\":\"en-US\",\"potentialAction\":[{\"@type\":\"ReadAction\",\"target\":[\"https:\/\/www.afterdata.com\/en\/acpr-controle-lcb-ft\/\"]}]},{\"@type\":\"ImageObject\",\"inLanguage\":\"en-US\",\"@id\":\"https:\/\/www.afterdata.com\/en\/acpr-controle-lcb-ft\/#primaryimage\",\"url\":\"https:\/\/www.afterdata.com\/wp-content\/uploads\/2021\/12\/computer-circuit-board-socket-in-the-form-of-the-h-2021-08-27-09-22-34-utc-scaled.jpg\",\"contentUrl\":\"https:\/\/www.afterdata.com\/wp-content\/uploads\/2021\/12\/computer-circuit-board-socket-in-the-form-of-the-h-2021-08-27-09-22-34-utc-scaled.jpg\",\"width\":2048,\"height\":2560,\"caption\":\"Computer circuit board socket in the form of the human brain. 3D illustration\"},{\"@type\":\"BreadcrumbList\",\"@id\":\"https:\/\/www.afterdata.com\/en\/acpr-controle-lcb-ft\/#breadcrumb\",\"itemListElement\":[{\"@type\":\"ListItem\",\"position\":1,\"name\":\"Accueil\",\"item\":\"https:\/\/www.afterdata.com\/en\/\"},{\"@type\":\"ListItem\",\"position\":2,\"name\":\"ACPR : contr\u00f4le LCB-FT\"}]},{\"@type\":\"WebSite\",\"@id\":\"https:\/\/www.afterdata.com\/en\/#website\",\"url\":\"https:\/\/www.afterdata.com\/en\/\",\"name\":\"AfterData\",\"description\":\"\",\"potentialAction\":[{\"@type\":\"SearchAction\",\"target\":{\"@type\":\"EntryPoint\",\"urlTemplate\":\"https:\/\/www.afterdata.com\/en\/?s={search_term_string}\"},\"query-input\":{\"@type\":\"PropertyValueSpecification\",\"valueRequired\":true,\"valueName\":\"search_term_string\"}}],\"inLanguage\":\"en-US\"}]}<\/script>\n<!-- \/ Yoast SEO plugin. -->","yoast_head_json":{"title":"ACPR : contr\u00f4le LCB-FT - AfterData","robots":{"index":"index","follow":"follow","max-snippet":"max-snippet:-1","max-image-preview":"max-image-preview:large","max-video-preview":"max-video-preview:-1"},"canonical":"https:\/\/www.afterdata.com\/en\/acpr-controle-lcb-ft\/","og_locale":"en_US","og_type":"article","og_title":"ACPR : contr\u00f4le LCB-FT - AfterData","og_description":"Baptis\u00e9e &#8220;Lucia&#8221;, la nouvelle solution d\u00e9velopp\u00e9e par l&#8217;ACPR est bas\u00e9e sur une intelligence artificielle","og_url":"https:\/\/www.afterdata.com\/en\/acpr-controle-lcb-ft\/","og_site_name":"AfterData","og_image":[{"width":2048,"height":2560,"url":"https:\/\/www.afterdata.com\/wp-content\/uploads\/2021\/12\/computer-circuit-board-socket-in-the-form-of-the-h-2021-08-27-09-22-34-utc-scaled.jpg","type":"image\/jpeg"}],"twitter_card":"summary_large_image","schema":{"@context":"https:\/\/schema.org","@graph":[{"@type":"WebPage","@id":"https:\/\/www.afterdata.com\/en\/acpr-controle-lcb-ft\/","url":"https:\/\/www.afterdata.com\/en\/acpr-controle-lcb-ft\/","name":"ACPR : contr\u00f4le LCB-FT - AfterData","isPartOf":{"@id":"https:\/\/www.afterdata.com\/en\/#website"},"primaryImageOfPage":{"@id":"https:\/\/www.afterdata.com\/en\/acpr-controle-lcb-ft\/#primaryimage"},"image":{"@id":"https:\/\/www.afterdata.com\/en\/acpr-controle-lcb-ft\/#primaryimage"},"thumbnailUrl":"https:\/\/www.afterdata.com\/wp-content\/uploads\/2021\/12\/computer-circuit-board-socket-in-the-form-of-the-h-2021-08-27-09-22-34-utc-scaled.jpg","datePublished":"2021-12-09T17:44:42+00:00","breadcrumb":{"@id":"https:\/\/www.afterdata.com\/en\/acpr-controle-lcb-ft\/#breadcrumb"},"inLanguage":"en-US","potentialAction":[{"@type":"ReadAction","target":["https:\/\/www.afterdata.com\/en\/acpr-controle-lcb-ft\/"]}]},{"@type":"ImageObject","inLanguage":"en-US","@id":"https:\/\/www.afterdata.com\/en\/acpr-controle-lcb-ft\/#primaryimage","url":"https:\/\/www.afterdata.com\/wp-content\/uploads\/2021\/12\/computer-circuit-board-socket-in-the-form-of-the-h-2021-08-27-09-22-34-utc-scaled.jpg","contentUrl":"https:\/\/www.afterdata.com\/wp-content\/uploads\/2021\/12\/computer-circuit-board-socket-in-the-form-of-the-h-2021-08-27-09-22-34-utc-scaled.jpg","width":2048,"height":2560,"caption":"Computer circuit board socket in the form of the human brain. 3D illustration"},{"@type":"BreadcrumbList","@id":"https:\/\/www.afterdata.com\/en\/acpr-controle-lcb-ft\/#breadcrumb","itemListElement":[{"@type":"ListItem","position":1,"name":"Accueil","item":"https:\/\/www.afterdata.com\/en\/"},{"@type":"ListItem","position":2,"name":"ACPR : contr\u00f4le LCB-FT"}]},{"@type":"WebSite","@id":"https:\/\/www.afterdata.com\/en\/#website","url":"https:\/\/www.afterdata.com\/en\/","name":"AfterData","description":"","potentialAction":[{"@type":"SearchAction","target":{"@type":"EntryPoint","urlTemplate":"https:\/\/www.afterdata.com\/en\/?s={search_term_string}"},"query-input":{"@type":"PropertyValueSpecification","valueRequired":true,"valueName":"search_term_string"}}],"inLanguage":"en-US"}]}},"_links":{"self":[{"href":"https:\/\/www.afterdata.com\/en\/wp-json\/wp\/v2\/pages\/2614","targetHints":{"allow":["GET"]}}],"collection":[{"href":"https:\/\/www.afterdata.com\/en\/wp-json\/wp\/v2\/pages"}],"about":[{"href":"https:\/\/www.afterdata.com\/en\/wp-json\/wp\/v2\/types\/page"}],"author":[{"embeddable":true,"href":"https:\/\/www.afterdata.com\/en\/wp-json\/wp\/v2\/users\/3"}],"replies":[{"embeddable":true,"href":"https:\/\/www.afterdata.com\/en\/wp-json\/wp\/v2\/comments?post=2614"}],"version-history":[{"count":1,"href":"https:\/\/www.afterdata.com\/en\/wp-json\/wp\/v2\/pages\/2614\/revisions"}],"predecessor-version":[{"id":2615,"href":"https:\/\/www.afterdata.com\/en\/wp-json\/wp\/v2\/pages\/2614\/revisions\/2615"}],"wp:featuredmedia":[{"embeddable":true,"href":"https:\/\/www.afterdata.com\/en\/wp-json\/wp\/v2\/media\/2078"}],"wp:attachment":[{"href":"https:\/\/www.afterdata.com\/en\/wp-json\/wp\/v2\/media?parent=2614"}],"curies":[{"name":"wp","href":"https:\/\/api.w.org\/{rel}","templated":true}]}}